{"id":285,"date":"2023-05-02T08:11:37","date_gmt":"2023-05-02T08:11:37","guid":{"rendered":"https:\/\/www.nexesl.com\/alquiler-de-despachos\/"},"modified":"2023-05-29T11:45:23","modified_gmt":"2023-05-29T11:45:23","slug":"alquiler-de-despachos","status":"publish","type":"page","link":"https:\/\/www.nexesl.com\/ca\/servicios\/alquiler-de-despachos\/","title":{"rendered":"Lloguer de despatxos"},"content":{"rendered":"\n<div class=\"wp-block-group alignfull header-cover is-layout-constrained wp-block-group-is-layout-constrained\">\n<div class=\"wp-block-cover alignfull is-light header-cover__fondo\"><span aria-hidden=\"true\" class=\"wp-block-cover__background has-background-dim-0 has-background-dim\"><\/span><img loading=\"lazy\" decoding=\"async\" width=\"1920\" height=\"550\" class=\"wp-block-cover__image-background wp-image-126\" alt=\"\" src=\"https:\/\/www.nexesl.com\/wp-content\/uploads\/2023\/05\/panoramica-alquiler-despacho.jpg\" data-object-fit=\"cover\" srcset=\"https:\/\/www.nexesl.com\/wp-content\/uploads\/2023\/05\/panoramica-alquiler-despacho.jpg 1920w, https:\/\/www.nexesl.com\/wp-content\/uploads\/2023\/05\/panoramica-alquiler-despacho-300x86.jpg 300w, https:\/\/www.nexesl.com\/wp-content\/uploads\/2023\/05\/panoramica-alquiler-despacho-1024x293.jpg 1024w, https:\/\/www.nexesl.com\/wp-content\/uploads\/2023\/05\/panoramica-alquiler-despacho-768x220.jpg 768w, https:\/\/www.nexesl.com\/wp-content\/uploads\/2023\/05\/panoramica-alquiler-despacho-1536x440.jpg 1536w, https:\/\/www.nexesl.com\/wp-content\/uploads\/2023\/05\/panoramica-alquiler-despacho-1600x458.jpg 1600w\" sizes=\"auto, (max-width: 1920px) 100vw, 1920px\" \/><div class=\"wp-block-cover__inner-container is-layout-flow wp-block-cover-is-layout-flow\">\n<div class=\"wp-block-group alignfull header-cover__texto has-primary-opacity-gradient-background has-background is-layout-constrained wp-block-group-is-layout-constrained\">\n<div class=\"wp-block-group aligncenter header-cover__texto-inner is-layout-constrained wp-block-group-is-layout-constrained\">\n<h1 class=\"wp-block-heading has-text-align-center header-cover__titulo has-white-color has-text-color\"><strong>Lloguer de despatxos<\/strong><\/h1>\n<\/div>\n<\/div>\n<\/div><\/div>\n<\/div>\n\n\n\n<div class=\"wp-block-group alignfull custom-breadcrumb is-layout-constrained wp-block-group-is-layout-constrained\" style=\"padding-top:1.5em;padding-bottom:1.5em\"><div style=\"--bb--crumb-gap:0.7em;\" class=\"custom-breadcrumb wp-block-boldblocks-breadcrumb-block\"><nav role=\"navigation\" aria-label=\"Breadcrumbs\" class=\"breadcrumb\"><ol class=\"breadcrumb-items\"><li class=\"breadcrumb-item breadcrumb-item--current breadcrumb-item--home\"><span class=\"breadcrumb-item-name\">Inicio<\/span><\/li><\/ol><\/nav><\/div><\/div>\n\n\n\n<div class=\"wp-block-group alignfull is-style-section is-layout-constrained wp-block-group-is-layout-constrained\">\n<div class=\"wp-block-group is-layout-constrained wp-block-group-is-layout-constrained\">\n<p>Projecti una imatge altament professional mentre gaudeix de tots els beneficis que li ofereix el seu propi despatx. Oblidi&#8217;s per complet del manteniment, de despeses d&#8217;aigua, llum i internet, i fins i tot de la contractaci\u00f3 d&#8217;una recepcionista. En el nostre centre de negocis vost\u00e8 podr\u00e0 centrar-se exclusivament en el que realment important; la seva empresa.<\/p>\n\n\n\n<p>Disposem d&#8217;oficines elegants i ben il\u00b7luminades amb connexi\u00f3 telef\u00f2nica i FIBRA d&#8217;alta velocitat. Tots els nostres despatxos compten amb una connexi\u00f3 WI-FI gratu\u00efta i d&#8217;alta qualitat disponible les 24 hores, la qual cosa li garanteix una \u00f2ptima connectivitat durant la seva estada.\u00a0<\/p>\n\n\n\n<p>El lloguer de despatxos inclou el servei de recepci\u00f3 que atendr\u00e0 les seves crides i visites de manera ininterrompuda de 9 a *19\u202fh, assegurant-se que totes les seves necessitats siguin ateses amb el m\u00e9s alt nivell de professionalisme i cortesia.\u00a0<\/p>\n<\/div>\n<\/div>\n\n\n\n<div class=\"wp-block-group alignfull is-style-section has-gray-light-background-color has-background is-layout-constrained wp-block-group-is-layout-constrained\">\n<div class=\"wp-block-columns is-layout-flex wp-container-core-columns-is-layout-28f84493 wp-block-columns-is-layout-flex\">\n<div class=\"wp-block-column is-layout-flow wp-block-column-is-layout-flow\" style=\"flex-basis:50%\">\n<div class=\"wp-block-group aligncenter is-layout-constrained wp-block-group-is-layout-constrained\">\n<h3 class=\"wp-block-heading\">Despatx individual<\/h3>\n\n\n\n<p>Serveis compresos (despatx fix mensual):<\/p>\n\n\n\n<ul class=\"wp-block-list\">\n<li>Domiciliaci\u00f3 d&#8217;activitat o societat<\/li>\n\n\n\n<li>Acc\u00e9s 24\/7<\/li>\n\n\n\n<li>Mobiliari<\/li>\n\n\n\n<li>Servei de neteja<\/li>\n\n\n\n<li>Calefacci\u00f3 i aire condicionat<\/li>\n\n\n\n<li>Alarma *24\u202fh<\/li>\n\n\n\n<li>Recepci\u00f3 de correspond\u00e8ncia i missatgeria<\/li>\n\n\n\n<li>Enviament i recollida de fa\u00e7s (tarifaci\u00f3 segons consum)<\/li>\n\n\n\n<li>L\u00ednia de tel\u00e8fon exclusiva (facturaci\u00f3 segons consum)\u2022 Altres serveis administratius a la seva *disposici\u00f3<\/li>\n\n\n\n<li>Sala per a reunions de 10 a 12 persones (6 hores \/ mes SENSE C\u00c0RREC)<\/li>\n<\/ul>\n\n\n\n<p><strong>Tarifes<\/strong>:<\/p>\n\n\n\n<ul class=\"wp-block-list\">\n<li>Individual Interior \u2013 395\u202f\u20ac \/ mes<\/li>\n\n\n\n<li>Individual exterior \u2013 595\u202f\u20ac \/ mes<\/li>\n<\/ul>\n\n\n\n<p>*Aquests despatxos poden ser ocupats tamb\u00e9 per hores, dies o jornada mitjana.\u00a0<\/p>\n<\/div>\n<\/div>\n\n\n\n<div class=\"wp-block-column is-layout-flow wp-block-column-is-layout-flow\" style=\"flex-basis:50%\">\n<figure class=\"wp-block-image size-large\"><img loading=\"lazy\" decoding=\"async\" width=\"1024\" height=\"683\" src=\"https:\/\/www.nexesl.com\/wp-content\/uploads\/2023\/05\/slider-home-3-1024x683.jpg\" alt=\"\" class=\"wp-image-92\" srcset=\"https:\/\/www.nexesl.com\/wp-content\/uploads\/2023\/05\/slider-home-3-1024x683.jpg 1024w, https:\/\/www.nexesl.com\/wp-content\/uploads\/2023\/05\/slider-home-3-300x200.jpg 300w, https:\/\/www.nexesl.com\/wp-content\/uploads\/2023\/05\/slider-home-3-768x512.jpg 768w, https:\/\/www.nexesl.com\/wp-content\/uploads\/2023\/05\/slider-home-3.jpg 1200w\" sizes=\"auto, (max-width: 1024px) 100vw, 1024px\" \/><\/figure>\n<\/div>\n<\/div>\n<\/div>\n\n\n\n<div class=\"wp-block-group alignfull is-style-section has-white-background-color has-background is-layout-constrained wp-block-group-is-layout-constrained\">\n<div class=\"wp-block-columns is-layout-flex wp-container-core-columns-is-layout-28f84493 wp-block-columns-is-layout-flex\">\n<div class=\"wp-block-column is-layout-flow wp-block-column-is-layout-flow\" style=\"flex-basis:50%\">\n<div class=\"wp-block-group aligncenter is-layout-constrained wp-block-group-is-layout-constrained\">\n<h3 class=\"wp-block-heading\">Despatx compartit<\/h3>\n\n\n\n<p>Serveis inclosos (despatx fix mensual)<\/p>\n\n\n\n<ul class=\"wp-block-list\">\n<li>Domiciliaci\u00f3 d&#8217;activitat o societat<\/li>\n\n\n\n<li>Mobiliari<\/li>\n\n\n\n<li>Servei de neteja<\/li>\n\n\n\n<li>Calefacci\u00f3 i aire condicionat<\/li>\n\n\n\n<li>Enviament i recollida de faxos (tarifaci\u00f3 segons consum)<\/li>\n\n\n\n<li>L\u00ednia de tel\u00e8fon exclusiva (facturaci\u00f3 segons consum)<\/li>\n\n\n\n<li>Altres serveis administratius a la seva disposici\u00f3<\/li>\n\n\n\n<li>Sala de reunions de 10 a 12 persones (4 hores \/ mes SENSE C\u00c0RREC)<\/li>\n<\/ul>\n\n\n\n<p><strong>Tarifes<\/strong>:<\/p>\n\n\n\n<ul class=\"wp-block-list\">\n<li>350 \u20ac \/ mes<\/li>\n<\/ul>\n<\/div>\n<\/div>\n\n\n\n<div class=\"wp-block-column is-layout-flow wp-block-column-is-layout-flow\" style=\"flex-basis:50%\">\n<figure class=\"wp-block-image size-large\"><img loading=\"lazy\" decoding=\"async\" width=\"1024\" height=\"683\" src=\"https:\/\/www.nexesl.com\/wp-content\/uploads\/2023\/05\/slider-home-3-1024x683.jpg\" alt=\"\" class=\"wp-image-92\" srcset=\"https:\/\/www.nexesl.com\/wp-content\/uploads\/2023\/05\/slider-home-3-1024x683.jpg 1024w, https:\/\/www.nexesl.com\/wp-content\/uploads\/2023\/05\/slider-home-3-300x200.jpg 300w, https:\/\/www.nexesl.com\/wp-content\/uploads\/2023\/05\/slider-home-3-768x512.jpg 768w, https:\/\/www.nexesl.com\/wp-content\/uploads\/2023\/05\/slider-home-3.jpg 1200w\" sizes=\"auto, (max-width: 1024px) 100vw, 1024px\" \/><\/figure>\n<\/div>\n<\/div>\n<\/div>\n","protected":false},"excerpt":{"rendered":"<p>Projecti una imatge altament professional mentre gaudeix de tots els beneficis que li ofereix el seu propi despatx. Oblidi&#8217;s per complet del manteniment, de despeses d&#8217;aigua, llum i internet, i fins i tot de la contractaci\u00f3 d&#8217;una recepcionista. En el nostre centre de negocis vost\u00e8 podr\u00e0 centrar-se exclusivament en el que realment important; la seva [&hellip;]<\/p>\n","protected":false},"author":1,"featured_media":0,"parent":298,"menu_order":7,"comment_status":"closed","ping_status":"closed","template":"","meta":{"_seopress_robots_primary_cat":"","_seopress_titles_title":"","_seopress_titles_desc":"","_seopress_robots_index":"","inline_featured_image":false,"footnotes":""},"class_list":["post-285","page","type-page","status-publish","hentry"],"_links":{"self":[{"href":"https:\/\/www.nexesl.com\/ca\/wp-json\/wp\/v2\/pages\/285","targetHints":{"allow":["GET"]}}],"collection":[{"href":"https:\/\/www.nexesl.com\/ca\/wp-json\/wp\/v2\/pages"}],"about":[{"href":"https:\/\/www.nexesl.com\/ca\/wp-json\/wp\/v2\/types\/page"}],"author":[{"embeddable":true,"href":"https:\/\/www.nexesl.com\/ca\/wp-json\/wp\/v2\/users\/1"}],"replies":[{"embeddable":true,"href":"https:\/\/www.nexesl.com\/ca\/wp-json\/wp\/v2\/comments?post=285"}],"version-history":[{"count":0,"href":"https:\/\/www.nexesl.com\/ca\/wp-json\/wp\/v2\/pages\/285\/revisions"}],"up":[{"embeddable":true,"href":"https:\/\/www.nexesl.com\/ca\/wp-json\/wp\/v2\/pages\/298"}],"wp:attachment":[{"href":"https:\/\/www.nexesl.com\/ca\/wp-json\/wp\/v2\/media?parent=285"}],"curies":[{"name":"wp","href":"https:\/\/api.w.org\/{rel}","templated":true}]}}