{"id":293,"date":"2023-05-02T08:10:15","date_gmt":"2023-05-02T08:10:15","guid":{"rendered":"https:\/\/www.nexesl.com\/contactar\/"},"modified":"2023-05-29T12:37:30","modified_gmt":"2023-05-29T12:37:30","slug":"contactar","status":"publish","type":"page","link":"https:\/\/www.nexesl.com\/ca\/contactar\/","title":{"rendered":"Contactar"},"content":{"rendered":"\n<div class=\"wp-block-group alignfull contacto-header is-layout-constrained wp-container-core-group-is-layout-12243e0f wp-block-group-is-layout-constrained\">\t\t<div\n            id=\"wpmapblock_2caeea36\"\n            data-settings='{&quot;map_marker&quot;:[{&quot;lat&quot;:&quot;41.6051911&quot;,&quot;lng&quot;:&quot;2.2896383&quot;,&quot;title&quot;:&quot;Centro de Negocios NEXE&quot;,&quot;content&quot;:&quot;Ver en GoogleMaps&quot;,&quot;iconType&quot;:&quot;default&quot;,&quot;customIconUrl&quot;:&quot;&quot;,&quot;customIconWidth&quot;:&quot;25&quot;,&quot;customIconHeight&quot;:&quot;40&quot;}],&quot;map_zoom&quot;:&quot;17&quot;,&quot;scroll_wheel_zoom&quot;:false,&quot;map_type&quot;:&quot;GM&quot;,&quot;center_index&quot;:0}'\n            class=\"wpmapblockrender\"\n            style=\"\n\t\t\twidth: 100%;\n\t\t\theight: 420px;\n\t\t\"\n            >\n        <\/div>\n        <\/div>\n\n\n\n<div class=\"wp-block-group alignfull custom-breadcrumb contacto-breadcrumb is-layout-constrained wp-block-group-is-layout-constrained\" style=\"padding-top:1.5em;padding-bottom:1.5em\"><div style=\"--bb--crumb-gap:0.7em;\" class=\"alignwide custom-breadcrumb wp-block-boldblocks-breadcrumb-block\"><nav role=\"navigation\" aria-label=\"Breadcrumbs\" class=\"breadcrumb\"><ol class=\"breadcrumb-items\"><li class=\"breadcrumb-item breadcrumb-item--current breadcrumb-item--home\"><span class=\"breadcrumb-item-name\">Inicio<\/span><\/li><\/ol><\/nav><\/div><\/div>\n\n\n\n<div class=\"wp-block-group alignfull is-style-section contacto__wrapper is-layout-constrained wp-block-group-is-layout-constrained\">\n<div class=\"wp-block-columns alignwide contacto is-layout-flex wp-container-core-columns-is-layout-28f84493 wp-block-columns-is-layout-flex\">\n<div class=\"wp-block-column contacto__textoColumna is-layout-flow wp-block-column-is-layout-flow\" style=\"flex-basis:33.33%\">\n<h1 class=\"wp-block-heading has-x-large-font-size\">Contacte<\/h1>\n\n\n\n<p>Conestable de Portugal, 43-45. 3\u00b0 i 4\u00b0 pis.<br>08402 Granollers<br>Barcelona (Espanya)<br>Tel. +34 938 60 03 33<br>Fax +34 938 60 03 44<br>Email: nexe@nexesl.com<\/p>\n\n\n\n<h3 class=\"wp-block-heading\">Com arribar?<\/h3>\n\n\n\n<p>F\u00e0cil acc\u00e9s: A 50 m. de l&#8217;estaci\u00f3 d&#8217;autobusos, a 500 m. de Renfe (parada Granollers Centre).<br>Aparcament a 20m. Pot reservar la seva pla\u00e7a en P\u00e0rquings Blaus-Corona i El Sot (situat davant de l&#8217;edifici NEXE).<br>Autopista AP-7 Barcelona-Girona, autovia C17 Barcelona-Vic, C-60 Matar\u00f3.<\/p>\n<\/div>\n\n\n\n<div class=\"wp-block-column contacto__formularioColumna is-layout-flow wp-block-column-is-layout-flow\" style=\"flex-basis:66.66%\">\n<div class=\"wp-block-group contacto__formularioWrapper is-layout-constrained wp-block-group-is-layout-constrained\">\n<p class=\"has-gray-color has-text-color has-medium-font-size\">FORMULARI DE CONTACTE<\/p>\n\n\n\n<div class=\"wp-block-contact-form-7-contact-form-selector contacto__formulario\">\n<div class=\"wpcf7 no-js\" id=\"wpcf7-f315-o1\" lang=\"ca\" dir=\"ltr\" data-wpcf7-id=\"315\">\n<div class=\"screen-reader-response\"><p role=\"status\" aria-live=\"polite\" aria-atomic=\"true\"><\/p> <ul><\/ul><\/div>\n<form action=\"\/ca\/wp-json\/wp\/v2\/pages\/293#wpcf7-f315-o1\" method=\"post\" class=\"wpcf7-form init\" aria-label=\"Formulari de contacte\" novalidate=\"novalidate\" data-status=\"init\">\n<fieldset class=\"hidden-fields-container\"><input type=\"hidden\" name=\"_wpcf7\" value=\"315\" \/><input type=\"hidden\" name=\"_wpcf7_version\" value=\"6.1.4\" \/><input type=\"hidden\" name=\"_wpcf7_locale\" value=\"ca\" \/><input type=\"hidden\" name=\"_wpcf7_unit_tag\" value=\"wpcf7-f315-o1\" \/><input type=\"hidden\" name=\"_wpcf7_container_post\" value=\"0\" \/><input type=\"hidden\" name=\"_wpcf7_posted_data_hash\" value=\"\" \/>\n<\/fieldset>\n<div class=\"form-field\">\n\t<label for=\"name-surname\">Nom i cognoms <span class=\"required\">*<\/span><\/label>\n\t<span class=\"wpcf7-form-control-wrap\" data-name=\"name-surname\"><input size=\"40\" maxlength=\"400\" class=\"wpcf7-form-control wpcf7-text wpcf7-validates-as-required\" id=\"name-surname\" aria-required=\"true\" aria-invalid=\"false\" value=\"\" type=\"text\" name=\"name-surname\" \/><\/span>\n<\/div>\n<div class=\"form-field\">\n\t<label for=\"telephone\" id=\"telephone\">N\u00famero de tel\u00e8fon<\/label>\n\t<span class=\"wpcf7-form-control-wrap\" data-name=\"telephone\"><input size=\"40\" maxlength=\"400\" class=\"wpcf7-form-control wpcf7-tel wpcf7-validates-as-required wpcf7-text wpcf7-validates-as-tel\" id=\"telephone\" aria-required=\"true\" aria-invalid=\"false\" value=\"\" type=\"tel\" name=\"telephone\" \/><\/span>\n<\/div>\n<div class=\"form-field\">\n\t<label for=\"email\" id=\"email\">Adre\u00e7a de correu electr\u00f2nic <span class=\"required\">*<\/span><\/label>\n\t<span class=\"wpcf7-form-control-wrap\" data-name=\"email\"><input size=\"40\" maxlength=\"400\" class=\"wpcf7-form-control wpcf7-email wpcf7-validates-as-required wpcf7-text wpcf7-validates-as-email\" id=\"email\" aria-required=\"true\" aria-invalid=\"false\" value=\"\" type=\"email\" name=\"email\" \/><\/span>\n<\/div>\n<div class=\"form-field\">\n\t<label for=\"message\" id=\"message\">El teu missatge<\/label>\n\t<span class=\"wpcf7-form-control-wrap\" data-name=\"message\"><textarea cols=\"40\" rows=\"10\" maxlength=\"2000\" class=\"wpcf7-form-control wpcf7-textarea wpcf7-validates-as-required\" id=\"message\" aria-required=\"true\" aria-invalid=\"false\" name=\"message\"><\/textarea><\/span>\n<\/div>\n<div class=\"form-field\">\n\t<label for=\"privacy-policy\">Pol\u00edtica de privacitat<\/label>\n\t<span class=\"wpcf7-form-control-wrap\" data-name=\"privacy-policy\"><span class=\"wpcf7-form-control wpcf7-acceptance\"><span class=\"wpcf7-list-item\"><label><input type=\"checkbox\" name=\"privacy-policy\" value=\"1\" id=\"privacy-policy\" aria-invalid=\"false\" \/><span class=\"wpcf7-list-item-label\">He llegit i accepto l'av\u00eds legal i la pol\u00edtica de privacitat.<\/span><\/label><\/span><\/span><\/span>\n<\/div>\n<span id=\"wpcf7-69e0493239cf1-wrapper\" class=\"wpcf7-form-control-wrap subject-wrap\" style=\"display:none !important; visibility:hidden !important;\"><label for=\"wpcf7-69e0493239cf1-field\" class=\"hp-message\">Deixeu aquest camp buit.<\/label><input id=\"wpcf7-69e0493239cf1-field\"  class=\"wpcf7-form-control wpcf7-text\" type=\"text\" name=\"subject\" value=\"\" size=\"40\" tabindex=\"-1\" autocomplete=\"new-password\" \/><\/span>\n<div class=\"form-field\">\n\t<input class=\"wpcf7-form-control wpcf7-submit has-spinner\" type=\"submit\" value=\"Enviar\" \/>\n<\/div>\n<div class=\"form-field form-instructions\">\n\t\u00c9s obligatori emplenar els camps marcats amb un asterisc * <span class=\"required\">*<\/span>\n<\/div><div class=\"wpcf7-response-output\" aria-hidden=\"true\"><\/div>\n<\/form>\n<\/div>\n<\/div>\n<\/div>\n<\/div>\n<\/div>\n<\/div>\n","protected":false},"excerpt":{"rendered":"<p>Contacte Conestable de Portugal, 43-45. 3\u00b0 i 4\u00b0 pis.08402 GranollersBarcelona (Espanya)Tel. +34 938 60 03 33Fax +34 938 60 03 44Email: nexe@nexesl.com Com arribar? F\u00e0cil acc\u00e9s: A 50 m. de l&#8217;estaci\u00f3 d&#8217;autobusos, a 500 m. de Renfe (parada Granollers Centre).Aparcament a 20m. Pot reservar la seva pla\u00e7a en P\u00e0rquings Blaus-Corona i El Sot (situat davant [&hellip;]<\/p>\n","protected":false},"author":1,"featured_media":0,"parent":0,"menu_order":21,"comment_status":"closed","ping_status":"closed","template":"controllers\/contact-page.php","meta":{"_seopress_robots_primary_cat":"","_seopress_titles_title":"","_seopress_titles_desc":"","_seopress_robots_index":"","inline_featured_image":false,"footnotes":""},"class_list":["post-293","page","type-page","status-publish","hentry"],"_links":{"self":[{"href":"https:\/\/www.nexesl.com\/ca\/wp-json\/wp\/v2\/pages\/293","targetHints":{"allow":["GET"]}}],"collection":[{"href":"https:\/\/www.nexesl.com\/ca\/wp-json\/wp\/v2\/pages"}],"about":[{"href":"https:\/\/www.nexesl.com\/ca\/wp-json\/wp\/v2\/types\/page"}],"author":[{"embeddable":true,"href":"https:\/\/www.nexesl.com\/ca\/wp-json\/wp\/v2\/users\/1"}],"replies":[{"embeddable":true,"href":"https:\/\/www.nexesl.com\/ca\/wp-json\/wp\/v2\/comments?post=293"}],"version-history":[{"count":0,"href":"https:\/\/www.nexesl.com\/ca\/wp-json\/wp\/v2\/pages\/293\/revisions"}],"wp:attachment":[{"href":"https:\/\/www.nexesl.com\/ca\/wp-json\/wp\/v2\/media?parent=293"}],"curies":[{"name":"wp","href":"https:\/\/api.w.org\/{rel}","templated":true}]}}