{"id":296,"date":"2023-05-02T08:12:27","date_gmt":"2023-05-02T08:12:27","guid":{"rendered":"https:\/\/www.nexesl.com\/domiciliacion-de-sociedades\/"},"modified":"2023-05-29T11:47:31","modified_gmt":"2023-05-29T11:47:31","slug":"domiciliacion-de-sociedades","status":"publish","type":"page","link":"https:\/\/www.nexesl.com\/ca\/servicios\/domiciliacion-de-sociedades\/","title":{"rendered":"Domiciliaci\u00f3 de societats"},"content":{"rendered":"\n<div class=\"wp-block-group alignfull header-cover is-layout-constrained wp-block-group-is-layout-constrained\">\n<div class=\"wp-block-cover alignfull is-light header-cover__fondo\"><span aria-hidden=\"true\" class=\"wp-block-cover__background has-background-dim-0 has-background-dim\"><\/span><img loading=\"lazy\" decoding=\"async\" width=\"1920\" height=\"550\" class=\"wp-block-cover__image-background wp-image-41\" alt=\"Im\u00e1gen fondo NEXE\" src=\"\/wp-content\/uploads\/2023\/05\/panoramica-home.jpg\" data-object-fit=\"cover\" srcset=\"https:\/\/www.nexesl.com\/wp-content\/uploads\/2023\/05\/panoramica-home.jpg 1920w, https:\/\/www.nexesl.com\/wp-content\/uploads\/2023\/05\/panoramica-home-300x86.jpg 300w, https:\/\/www.nexesl.com\/wp-content\/uploads\/2023\/05\/panoramica-home-1024x293.jpg 1024w, https:\/\/www.nexesl.com\/wp-content\/uploads\/2023\/05\/panoramica-home-768x220.jpg 768w, https:\/\/www.nexesl.com\/wp-content\/uploads\/2023\/05\/panoramica-home-1536x440.jpg 1536w\" sizes=\"auto, (max-width: 1920px) 100vw, 1920px\" \/><div class=\"wp-block-cover__inner-container is-layout-flow wp-block-cover-is-layout-flow\">\n<div class=\"wp-block-group alignfull header-cover__texto has-primary-opacity-gradient-background has-background is-layout-constrained wp-block-group-is-layout-constrained\">\n<div class=\"wp-block-group aligncenter header-cover__texto-inner is-layout-constrained wp-block-group-is-layout-constrained\">\n<h1 class=\"wp-block-heading has-text-align-center header-cover__titulo has-white-color has-text-color\"><strong>Domiciliaci\u00f3 de societats<\/strong><\/h1>\n<\/div>\n<\/div>\n<\/div><\/div>\n<\/div>\n\n\n\n<div class=\"wp-block-group alignfull custom-breadcrumb is-layout-constrained wp-block-group-is-layout-constrained\" style=\"padding-top:1.5em;padding-bottom:1.5em\"><div style=\"--bb--crumb-gap:0.7em;\" class=\"custom-breadcrumb wp-block-boldblocks-breadcrumb-block\"><nav role=\"navigation\" aria-label=\"Breadcrumbs\" class=\"breadcrumb\"><ol class=\"breadcrumb-items\"><li class=\"breadcrumb-item breadcrumb-item--current breadcrumb-item--home\"><span class=\"breadcrumb-item-name\">Inicio<\/span><\/li><\/ol><\/nav><\/div><\/div>\n\n\n\n<div class=\"wp-block-group alignfull is-style-section is-layout-constrained wp-block-group-is-layout-constrained\">\n<div class=\"wp-block-group is-layout-constrained wp-block-group-is-layout-constrained\">\n<p>Amb el nostre servei de domiciliaci\u00f3 fiscal i comercial pot utilitzar la direcci\u00f3 del nostre Centre de Negocis *NEXE per a totes les seves gestions empresarials, incloent-hi la correspond\u00e8ncia, targetes de visita i publicitat.<\/p>\n\n\n\n<p>El nostre servei de recepci\u00f3 s&#8217;encarregar\u00e0 de rebre i gestionar el seu correu i petites paqueteries, mantenint-lo informat di\u00e0riament a trav\u00e9s de correu electr\u00f2nic sobre els lliuraments rebuts.&nbsp;<\/p>\n\n\n\n<p>Gestioni la seva empresa des de qualsevol lloc. Amb el nostre servei de domiciliaci\u00f3 fiscal i comercial podr\u00e0 mantenir una imatge professional i efectiva per a la seva empresa, sense importar on estigui situat.<\/p>\n<\/div>\n<\/div>\n\n\n\n<div class=\"wp-block-group alignfull is-style-section domiciliacion__wrapper is-layout-constrained wp-block-group-is-layout-constrained\">\n<div class=\"wp-block-group alignwide domiciliacion is-layout-flex wp-block-group-is-layout-flex\">\n<div class=\"wp-block-group domiciliacion__item is-layout-constrained wp-block-group-is-layout-constrained\">\n<div class=\"wp-block-group domiciliacion__item__inner is-layout-constrained wp-block-group-is-layout-constrained\">\n<h3 class=\"wp-block-heading domiciliacion__item__titulo\">Domiciliaci\u00f3 b\u00e0sica<\/h3>\n\n\n\n<p>Domiciliaci\u00f3 d&#8217;activitat o societat<\/p>\n\n\n\n<p>Recollida de correu i petita paqueteria<\/p>\n\n\n\n<p>*<em>Rapport<\/em> via email del correu rebut<\/p>\n\n\n\n<p>Descompte del 15% per a \u00fas de Sala de Reunions *Nexe<\/p>\n\n\n\n<p class=\"domiciliacion__item__precio has-medium-font-size\"><strong>Tarifa: 67 \u20ac \/ mes<\/strong><\/p>\n<\/div>\n<\/div>\n\n\n\n<div class=\"wp-block-group domiciliacion__item is-layout-constrained wp-block-group-is-layout-constrained\">\n<div class=\"wp-block-group domiciliacion__item__inner is-layout-constrained wp-block-group-is-layout-constrained\">\n<h3 class=\"wp-block-heading domiciliacion__item__titulo\">Domiciliaci\u00f3 b\u00e0sica + trucades + sala<\/h3>\n\n\n\n<p>Domiciliaci\u00f3 d&#8217;activitat o societat<\/p>\n\n\n\n<p>Recollida de correu i petita paqueteria<\/p>\n\n\n\n<p>Atenci\u00f3 d&#8217;anomenades<\/p>\n\n\n\n<p>*<em>Rapport<\/em> via email del correu rebut<\/p>\n\n\n\n<p>Descompte del 15% per a \u00fas de Sala de Reunions *Nexe<\/p>\n\n\n\n<p>11 hora mensual SENSE C\u00c0RREC en la mateixa Sala de Reunions *Nexe<\/p>\n\n\n\n<p class=\"domiciliacion__item__precio has-medium-font-size\"><strong>Tarifa: 75 \u20ac \/ mes<\/strong><\/p>\n<\/div>\n<\/div>\n\n\n\n<div class=\"wp-block-group domiciliacion__item is-layout-constrained wp-block-group-is-layout-constrained\">\n<div class=\"wp-block-group domiciliacion__item__inner is-layout-constrained wp-block-group-is-layout-constrained\">\n<h3 class=\"wp-block-heading domiciliacion__item__titulo\">Domiciliaci\u00f3 MITJA<\/h3>\n\n\n\n<p>Domiciliaci\u00f3 d&#8217;activitat o societat<\/p>\n\n\n\n<p>Recollida de correu i petita paqueteria<\/p>\n\n\n\n<p>Atenci\u00f3 d&#8217;anomenades<\/p>\n\n\n\n<p>*<em>Rapport<\/em> via email del correu rebut<\/p>\n\n\n\n<p>\u2022 Descompte del 15% per a \u00fas de Sala de Reunions *Nexe<\/p>\n\n\n\n<p>2 reunions mensuals SENSE C\u00c0RREC en la mateixa Sala de Reunions *Nexe<\/p>\n\n\n\n<p class=\"domiciliacion__item__precio has-medium-font-size\"><strong>Tarifa: 110 \u20ac \/ mes<\/strong><\/p>\n<\/div>\n<\/div>\n\n\n\n<div class=\"wp-block-group domiciliacion__item is-layout-constrained wp-block-group-is-layout-constrained\">\n<div class=\"wp-block-group domiciliacion__item__inner is-layout-constrained wp-block-group-is-layout-constrained\">\n<h3 class=\"wp-block-heading domiciliacion__item__titulo\">Domiciliaci\u00f3 plus<\/h3>\n\n\n\n<p>Domiciliaci\u00f3 d&#8217;activitat o societat<\/p>\n\n\n\n<p>Recollida de correu i petita paqueteria<\/p>\n\n\n\n<p>Atenci\u00f3 de crides personalitzada<\/p>\n\n\n\n<p>Desviament d&#8217;anomenades<\/p>\n\n\n\n<p>*<em>Rapport<\/em> via email de correus i missatges rebuts<\/p>\n\n\n\n<p>Descompte del 15% per a \u00fas de Sala de Reunions *Nexe<\/p>\n\n\n\n<p>2 reunions mensuals SENSE C\u00c0RREC en la mateixa Sala de Reunions *Nexe<\/p>\n\n\n\n<p class=\"domiciliacion__item__precio has-medium-font-size\"><strong>Tarifa: 175 \u20ac \/ mes<\/strong><\/p>\n<\/div>\n<\/div>\n<\/div>\n<\/div>\n","protected":false},"excerpt":{"rendered":"<p>Amb el nostre servei de domiciliaci\u00f3 fiscal i comercial pot utilitzar la direcci\u00f3 del nostre Centre de Negocis *NEXE per a totes les seves gestions empresarials, incloent-hi la correspond\u00e8ncia, targetes de visita i publicitat. El nostre servei de recepci\u00f3 s&#8217;encarregar\u00e0 de rebre i gestionar el seu correu i petites paqueteries, mantenint-lo informat di\u00e0riament a trav\u00e9s [&hellip;]<\/p>\n","protected":false},"author":1,"featured_media":0,"parent":298,"menu_order":10,"comment_status":"closed","ping_status":"closed","template":"","meta":{"_seopress_robots_primary_cat":"","_seopress_titles_title":"","_seopress_titles_desc":"","_seopress_robots_index":"","inline_featured_image":false,"footnotes":""},"class_list":["post-296","page","type-page","status-publish","hentry"],"_links":{"self":[{"href":"https:\/\/www.nexesl.com\/ca\/wp-json\/wp\/v2\/pages\/296","targetHints":{"allow":["GET"]}}],"collection":[{"href":"https:\/\/www.nexesl.com\/ca\/wp-json\/wp\/v2\/pages"}],"about":[{"href":"https:\/\/www.nexesl.com\/ca\/wp-json\/wp\/v2\/types\/page"}],"author":[{"embeddable":true,"href":"https:\/\/www.nexesl.com\/ca\/wp-json\/wp\/v2\/users\/1"}],"replies":[{"embeddable":true,"href":"https:\/\/www.nexesl.com\/ca\/wp-json\/wp\/v2\/comments?post=296"}],"version-history":[{"count":0,"href":"https:\/\/www.nexesl.com\/ca\/wp-json\/wp\/v2\/pages\/296\/revisions"}],"up":[{"embeddable":true,"href":"https:\/\/www.nexesl.com\/ca\/wp-json\/wp\/v2\/pages\/298"}],"wp:attachment":[{"href":"https:\/\/www.nexesl.com\/ca\/wp-json\/wp\/v2\/media?parent=296"}],"curies":[{"name":"wp","href":"https:\/\/api.w.org\/{rel}","templated":true}]}}