{"id":303,"date":"2023-05-02T08:12:45","date_gmt":"2023-05-02T08:12:45","guid":{"rendered":"https:\/\/www.nexesl.com\/servicios\/oficina-virtual\/"},"modified":"2023-05-29T12:07:58","modified_gmt":"2023-05-29T12:07:58","slug":"oficina-virtual","status":"publish","type":"page","link":"https:\/\/www.nexesl.com\/ca\/servicios\/oficina-virtual\/","title":{"rendered":"Oficina virtual"},"content":{"rendered":"\n<div class=\"wp-block-group alignfull header-cover is-layout-constrained wp-block-group-is-layout-constrained\">\n<div class=\"wp-block-cover alignfull header-cover__fondo\"><span aria-hidden=\"true\" class=\"wp-block-cover__background has-background-dim-0 has-background-dim\"><\/span><img loading=\"lazy\" decoding=\"async\" width=\"1920\" height=\"550\" class=\"wp-block-cover__image-background wp-image-132\" alt=\"\" src=\"https:\/\/www.nexesl.com\/wp-content\/uploads\/2023\/05\/panoramica-oficina-virtual.jpg\" data-object-fit=\"cover\" srcset=\"https:\/\/www.nexesl.com\/wp-content\/uploads\/2023\/05\/panoramica-oficina-virtual.jpg 1920w, https:\/\/www.nexesl.com\/wp-content\/uploads\/2023\/05\/panoramica-oficina-virtual-300x86.jpg 300w, https:\/\/www.nexesl.com\/wp-content\/uploads\/2023\/05\/panoramica-oficina-virtual-1024x293.jpg 1024w, https:\/\/www.nexesl.com\/wp-content\/uploads\/2023\/05\/panoramica-oficina-virtual-768x220.jpg 768w, https:\/\/www.nexesl.com\/wp-content\/uploads\/2023\/05\/panoramica-oficina-virtual-1536x440.jpg 1536w, https:\/\/www.nexesl.com\/wp-content\/uploads\/2023\/05\/panoramica-oficina-virtual-1600x458.jpg 1600w\" sizes=\"auto, (max-width: 1920px) 100vw, 1920px\" \/><div class=\"wp-block-cover__inner-container is-layout-flow wp-block-cover-is-layout-flow\">\n<div class=\"wp-block-group alignfull header-cover__texto has-primary-opacity-gradient-background has-background is-layout-constrained wp-block-group-is-layout-constrained\">\n<div class=\"wp-block-group aligncenter header-cover__texto-inner is-layout-constrained wp-block-group-is-layout-constrained\">\n<h1 class=\"wp-block-heading has-text-align-center header-cover__titulo is-style-default has-white-color has-text-color\"><strong>Oficina virtual<\/strong><\/h1>\n<\/div>\n<\/div>\n<\/div><\/div>\n<\/div>\n\n\n\n<div class=\"wp-block-group alignfull custom-breadcrumb is-layout-constrained wp-block-group-is-layout-constrained\" style=\"padding-top:1.5em;padding-bottom:1.5em\"><div style=\"--bb--crumb-gap:0.7em;\" class=\"custom-breadcrumb wp-block-boldblocks-breadcrumb-block\"><nav role=\"navigation\" aria-label=\"Breadcrumbs\" class=\"breadcrumb\"><ol class=\"breadcrumb-items\"><li class=\"breadcrumb-item breadcrumb-item--current breadcrumb-item--home\"><span class=\"breadcrumb-item-name\">Inicio<\/span><\/li><\/ol><\/nav><\/div>\n\n\n<div class=\"wp-block-group alignfull is-style-section is-layout-constrained wp-block-group-is-layout-constrained\">\n<div class=\"wp-block-group aligncenter is-layout-constrained wp-block-group-is-layout-constrained\">\n<p>El primer contacte que un client t\u00e9 amb una empresa sol ser a trav\u00e9s d&#8217;una trucada telef\u00f2nica. Motiu pel qual \u00e9s fonamental oferir una imatge professional i assegurar-se de no perdre ni una sola crida. En *Nexe, li oferim un servei d&#8217;atenci\u00f3 telef\u00f2nica personalitzat, garantint que totes les seves crides siguin ateses.\u00a0<\/p>\n\n\n\n<p>El nostre equip s&#8217;assegurar\u00e0 que els seus clients rebin el millor tracte i que la seva empresa mantingui una imatge s\u00f2lida i professional des del primer contacte.\u00a0<\/p>\n\n\n\n<h3 class=\"wp-block-heading\">Serveis compresos:<\/h3>\n\n\n\n<ul class=\"wp-block-list\">\n<li>Recepci\u00f3 i atenci\u00f3 de les seves crides de forma personalitzada (assignaci\u00f3 de n\u00famero propi) en horari de 9 \u2013 <em>14\u202fh i 16-<\/em>19\u202fh de dilluns a divendres.<\/li>\n\n\n\n<li>Enviament d&#8217;informe immediat de cada crida rebuda.<\/li>\n\n\n\n<li>Descompte del 15% en la reserva de la Sala de Reunions *Nexe.<\/li>\n\n\n\n<li>1 reuni\u00f3 mensual SENSE C\u00c0RREC en la mateixa Sala de Reunions.<\/li>\n\n\n\n<li>Recepci\u00f3 de faxos<\/li>\n<\/ul>\n\n\n\n<h3 class=\"wp-block-heading\">Serveis opcionals:<\/h3>\n\n\n\n<ul class=\"wp-block-list\">\n<li>Gesti\u00f3 d&#8217;agenda (via *Outlook o Google *Calendar)\u00a0<\/li>\n\n\n\n<li>Emissi\u00f3 i \/ o transfer\u00e8ncia d&#8217;anomenades<\/li>\n\n\n\n<li>Emissi\u00f3 de faxos<\/li>\n<\/ul>\n\n\n\n<h3 class=\"wp-block-heading\">Tarifes: (depenent del nombre de crides rebudes)<\/h3>\n\n\n\n<ul class=\"wp-block-list\">\n<li>Fins a 100 crides mensuals \u2013 60 \u20ac \/ mes<\/li>\n\n\n\n<li>\u2022 Fins a 200 crides mensuals \u2013 110 \u20ac \/ mes<\/li>\n\n\n\n<li>\u2022 Fins a 300 crides mensuals \u2013 150 \u20ac \/ mes<\/li>\n<\/ul>\n<\/div>\n<\/div>\n<\/div>\n","protected":false},"excerpt":{"rendered":"<p>El primer contacte que un client t\u00e9 amb una empresa sol ser a trav\u00e9s d&#8217;una trucada telef\u00f2nica. Motiu pel qual \u00e9s fonamental oferir una imatge professional i assegurar-se de no perdre ni una sola crida. En *Nexe, li oferim un servei d&#8217;atenci\u00f3 telef\u00f2nica personalitzat, garantint que totes les seves crides siguin ateses.\u00a0 El nostre equip [&hellip;]<\/p>\n","protected":false},"author":1,"featured_media":0,"parent":298,"menu_order":12,"comment_status":"closed","ping_status":"closed","template":"","meta":{"_seopress_robots_primary_cat":"","_seopress_titles_title":"","_seopress_titles_desc":"","_seopress_robots_index":"","inline_featured_image":false,"footnotes":""},"class_list":["post-303","page","type-page","status-publish","hentry"],"_links":{"self":[{"href":"https:\/\/www.nexesl.com\/ca\/wp-json\/wp\/v2\/pages\/303","targetHints":{"allow":["GET"]}}],"collection":[{"href":"https:\/\/www.nexesl.com\/ca\/wp-json\/wp\/v2\/pages"}],"about":[{"href":"https:\/\/www.nexesl.com\/ca\/wp-json\/wp\/v2\/types\/page"}],"author":[{"embeddable":true,"href":"https:\/\/www.nexesl.com\/ca\/wp-json\/wp\/v2\/users\/1"}],"replies":[{"embeddable":true,"href":"https:\/\/www.nexesl.com\/ca\/wp-json\/wp\/v2\/comments?post=303"}],"version-history":[{"count":0,"href":"https:\/\/www.nexesl.com\/ca\/wp-json\/wp\/v2\/pages\/303\/revisions"}],"up":[{"embeddable":true,"href":"https:\/\/www.nexesl.com\/ca\/wp-json\/wp\/v2\/pages\/298"}],"wp:attachment":[{"href":"https:\/\/www.nexesl.com\/ca\/wp-json\/wp\/v2\/media?parent=303"}],"curies":[{"name":"wp","href":"https:\/\/api.w.org\/{rel}","templated":true}]}}