{"id":306,"date":"2023-05-02T08:13:10","date_gmt":"2023-05-02T08:13:10","guid":{"rendered":"https:\/\/www.nexesl.com\/servicios\/sala-de-reuniones\/"},"modified":"2023-05-29T12:11:31","modified_gmt":"2023-05-29T12:11:31","slug":"sala-de-reuniones","status":"publish","type":"page","link":"https:\/\/www.nexesl.com\/ca\/servicios\/sala-de-reuniones\/","title":{"rendered":"Sala de reunions"},"content":{"rendered":"\n<div class=\"wp-block-group alignfull header-cover is-layout-constrained wp-block-group-is-layout-constrained\">\n<div class=\"wp-block-cover alignfull is-light header-cover__fondo\"><span aria-hidden=\"true\" class=\"wp-block-cover__background has-background-dim-0 has-background-dim\"><\/span><img loading=\"lazy\" decoding=\"async\" width=\"1920\" height=\"550\" class=\"wp-block-cover__image-background wp-image-136\" alt=\"\" src=\"https:\/\/www.nexesl.com\/wp-content\/uploads\/2023\/05\/panoramica-sala-prensa.jpg\" data-object-fit=\"cover\" srcset=\"https:\/\/www.nexesl.com\/wp-content\/uploads\/2023\/05\/panoramica-sala-prensa.jpg 1920w, https:\/\/www.nexesl.com\/wp-content\/uploads\/2023\/05\/panoramica-sala-prensa-300x86.jpg 300w, https:\/\/www.nexesl.com\/wp-content\/uploads\/2023\/05\/panoramica-sala-prensa-1024x293.jpg 1024w, https:\/\/www.nexesl.com\/wp-content\/uploads\/2023\/05\/panoramica-sala-prensa-768x220.jpg 768w, https:\/\/www.nexesl.com\/wp-content\/uploads\/2023\/05\/panoramica-sala-prensa-1536x440.jpg 1536w, https:\/\/www.nexesl.com\/wp-content\/uploads\/2023\/05\/panoramica-sala-prensa-1600x458.jpg 1600w\" sizes=\"auto, (max-width: 1920px) 100vw, 1920px\" \/><div class=\"wp-block-cover__inner-container is-layout-flow wp-block-cover-is-layout-flow\">\n<div class=\"wp-block-group alignfull header-cover__texto has-primary-opacity-gradient-background has-background is-layout-constrained wp-block-group-is-layout-constrained\">\n<div class=\"wp-block-group aligncenter header-cover__texto-inner is-layout-constrained wp-block-group-is-layout-constrained\">\n<h1 class=\"wp-block-heading has-text-align-center header-cover__titulo has-white-color has-text-color\"><strong>Sala de reunions<\/strong><\/h1>\n<\/div>\n<\/div>\n<\/div><\/div>\n<\/div>\n\n\n\n<div class=\"wp-block-group alignfull custom-breadcrumb is-layout-constrained wp-block-group-is-layout-constrained\" style=\"padding-top:1.5em;padding-bottom:1.5em\"><div style=\"--bb--crumb-gap:0.7em;\" class=\"custom-breadcrumb wp-block-boldblocks-breadcrumb-block\"><nav role=\"navigation\" aria-label=\"Breadcrumbs\" class=\"breadcrumb\"><ol class=\"breadcrumb-items\"><li class=\"breadcrumb-item breadcrumb-item--current breadcrumb-item--home\"><span class=\"breadcrumb-item-name\">Inicio<\/span><\/li><\/ol><\/nav><\/div><\/div>\n\n\n\n<div class=\"wp-block-group alignfull is-style-section is-layout-constrained wp-block-group-is-layout-constrained\">\n<p>Gaudeix d&#8217;una \u00e0mplia i ben equipada sala de reunions per a dur a terme presentacions, formacions o qualsevol tipus d&#8217;esdeveniment empresarial. En *Nexe li proporcionem un espai de qualitat amb totes les eines i recursos necessaris per a assegurar que el seu esdeveniment sigui un \u00e8xit.<\/p>\n<\/div>\n\n\n\n<div class=\"wp-block-group alignfull is-style-section has-gray-light-background-color has-background is-layout-constrained wp-block-group-is-layout-constrained\">\n<div class=\"wp-block-group alignwide is-layout-constrained wp-block-group-is-layout-constrained\">\n<div class=\"wp-block-columns alignwide is-layout-flex wp-container-core-columns-is-layout-28f84493 wp-block-columns-is-layout-flex\">\n<div class=\"wp-block-column is-layout-flow wp-block-column-is-layout-flow\">\n<p>El servei puntual de lloguer d&#8217;aquesta Sala de Reunions *Nexe compr\u00e8n els seg\u00fcents elements i serveis:<\/p>\n\n\n\n<ul class=\"wp-block-list\">\n<li>Mobiliari<\/li>\n\n\n\n<li>\u00das de pissarra *vileda \/ *flipchart<\/li>\n\n\n\n<li>\u00das televisor 32\u201d amb DVD<\/li>\n\n\n\n<li>Connexi\u00f3 internet ADSL inclosa<\/li>\n\n\n\n<li>Recepci\u00f3 i benvinguda de les visites\u2022 Disponibilitat de serveis addicionals; tel\u00e8fon, faxos, fotoc\u00f2pies, esc\u00e0ner, secret\u00e0ria, cafeteria, lloguer de projector o PC, material d&#8217;oficina, etc. FACTURACI\u00d3 A part.<\/li>\n<\/ul>\n\n\n\n<p><strong>Tarifes: (sota consulta)<\/strong><\/p>\n\n\n\n<ul class=\"wp-block-list\">\n<li>*PACK especial a mitjana (segons pressupost)<\/li>\n\n\n\n<li>Clients domiciliats en el Centre de Negocis: 15% de descompte per a la Sala de Reunions.<\/li>\n<\/ul>\n<\/div>\n\n\n\n<div class=\"wp-block-column is-layout-flow wp-block-column-is-layout-flow\">\n<figure class=\"wp-block-image size-large\"><a href=\"https:\/\/www.nexesl.com\/wp-content\/uploads\/2023\/05\/sala-prensa.jpg\"><img loading=\"lazy\" decoding=\"async\" width=\"1024\" height=\"683\" src=\"https:\/\/www.nexesl.com\/wp-content\/uploads\/2023\/05\/sala-prensa-1024x683.jpg\" alt=\"\" class=\"wp-image-139\" srcset=\"https:\/\/www.nexesl.com\/wp-content\/uploads\/2023\/05\/sala-prensa-1024x683.jpg 1024w, https:\/\/www.nexesl.com\/wp-content\/uploads\/2023\/05\/sala-prensa-300x200.jpg 300w, https:\/\/www.nexesl.com\/wp-content\/uploads\/2023\/05\/sala-prensa-768x512.jpg 768w, https:\/\/www.nexesl.com\/wp-content\/uploads\/2023\/05\/sala-prensa.jpg 1200w\" sizes=\"auto, (max-width: 1024px) 100vw, 1024px\" \/><\/a><\/figure>\n<\/div>\n<\/div>\n<\/div>\n<\/div>\n","protected":false},"excerpt":{"rendered":"<p>Gaudeix d&#8217;una \u00e0mplia i ben equipada sala de reunions per a dur a terme presentacions, formacions o qualsevol tipus d&#8217;esdeveniment empresarial. En *Nexe li proporcionem un espai de qualitat amb totes les eines i recursos necessaris per a assegurar que el seu esdeveniment sigui un \u00e8xit. El servei puntual de lloguer d&#8217;aquesta Sala de Reunions [&hellip;]<\/p>\n","protected":false},"author":1,"featured_media":0,"parent":298,"menu_order":13,"comment_status":"closed","ping_status":"closed","template":"","meta":{"_seopress_robots_primary_cat":"","_seopress_titles_title":"","_seopress_titles_desc":"","_seopress_robots_index":"","inline_featured_image":false,"footnotes":""},"class_list":["post-306","page","type-page","status-publish","hentry"],"_links":{"self":[{"href":"https:\/\/www.nexesl.com\/ca\/wp-json\/wp\/v2\/pages\/306","targetHints":{"allow":["GET"]}}],"collection":[{"href":"https:\/\/www.nexesl.com\/ca\/wp-json\/wp\/v2\/pages"}],"about":[{"href":"https:\/\/www.nexesl.com\/ca\/wp-json\/wp\/v2\/types\/page"}],"author":[{"embeddable":true,"href":"https:\/\/www.nexesl.com\/ca\/wp-json\/wp\/v2\/users\/1"}],"replies":[{"embeddable":true,"href":"https:\/\/www.nexesl.com\/ca\/wp-json\/wp\/v2\/comments?post=306"}],"version-history":[{"count":0,"href":"https:\/\/www.nexesl.com\/ca\/wp-json\/wp\/v2\/pages\/306\/revisions"}],"up":[{"embeddable":true,"href":"https:\/\/www.nexesl.com\/ca\/wp-json\/wp\/v2\/pages\/298"}],"wp:attachment":[{"href":"https:\/\/www.nexesl.com\/ca\/wp-json\/wp\/v2\/media?parent=306"}],"curies":[{"name":"wp","href":"https:\/\/api.w.org\/{rel}","templated":true}]}}