{"id":308,"date":"2023-05-02T08:13:34","date_gmt":"2023-05-02T08:13:34","guid":{"rendered":"https:\/\/www.nexesl.com\/servicios\/coworking-workspace\/"},"modified":"2023-05-29T12:14:21","modified_gmt":"2023-05-29T12:14:21","slug":"coworking-workspace","status":"publish","type":"page","link":"https:\/\/www.nexesl.com\/ca\/servicios\/coworking-workspace\/","title":{"rendered":"Coworking &#038; workspace"},"content":{"rendered":"\n<div class=\"wp-block-group alignfull header-cover is-layout-constrained wp-block-group-is-layout-constrained\">\n<div class=\"wp-block-cover alignfull is-light header-cover__fondo\"><span aria-hidden=\"true\" class=\"wp-block-cover__background has-background-dim-0 has-background-dim\"><\/span><img loading=\"lazy\" decoding=\"async\" width=\"1920\" height=\"550\" class=\"wp-block-cover__image-background wp-image-41\" alt=\"Im\u00e1gen fondo NEXE\" src=\"\/wp-content\/uploads\/2023\/05\/panoramica-home.jpg\" data-object-fit=\"cover\" srcset=\"https:\/\/www.nexesl.com\/wp-content\/uploads\/2023\/05\/panoramica-home.jpg 1920w, https:\/\/www.nexesl.com\/wp-content\/uploads\/2023\/05\/panoramica-home-300x86.jpg 300w, https:\/\/www.nexesl.com\/wp-content\/uploads\/2023\/05\/panoramica-home-1024x293.jpg 1024w, https:\/\/www.nexesl.com\/wp-content\/uploads\/2023\/05\/panoramica-home-768x220.jpg 768w, https:\/\/www.nexesl.com\/wp-content\/uploads\/2023\/05\/panoramica-home-1536x440.jpg 1536w\" sizes=\"auto, (max-width: 1920px) 100vw, 1920px\" \/><div class=\"wp-block-cover__inner-container is-layout-flow wp-block-cover-is-layout-flow\">\n<div class=\"wp-block-group alignfull header-cover__texto has-primary-opacity-gradient-background has-background is-layout-constrained wp-block-group-is-layout-constrained\">\n<div class=\"wp-block-group aligncenter header-cover__texto-inner is-layout-constrained wp-block-group-is-layout-constrained\">\n<h1 class=\"wp-block-heading has-text-align-center header-cover__titulo has-white-color has-text-color\"><strong>Coworking &amp; Workspace<\/strong><\/h1>\n<\/div>\n<\/div>\n<\/div><\/div>\n<\/div>\n\n\n\n<div class=\"wp-block-group alignfull custom-breadcrumb is-layout-constrained wp-block-group-is-layout-constrained\" style=\"padding-top:1.5em;padding-bottom:1.5em\"><div style=\"--bb--crumb-gap:0.7em;\" class=\"custom-breadcrumb wp-block-boldblocks-breadcrumb-block\"><nav role=\"navigation\" aria-label=\"Breadcrumbs\" class=\"breadcrumb\"><ol class=\"breadcrumb-items\"><li class=\"breadcrumb-item breadcrumb-item--current breadcrumb-item--home\"><span class=\"breadcrumb-item-name\">Inicio<\/span><\/li><\/ol><\/nav><\/div><\/div>\n\n\n\n<div class=\"wp-block-group alignfull is-style-section is-layout-constrained wp-block-group-is-layout-constrained\">\n<div class=\"wp-block-group aligncenter is-layout-constrained wp-block-group-is-layout-constrained\">\n<p>Gaudeix d&#8217;un ampli i llumin\u00f3s espai de Coworking, dissenyat per a brindar-li comoditat i productivitat durant tot el dia. Un ambient c\u00f2mode on es fomenta la creativitat i el treball en equip, la qual cosa el converteix en el lloc ideal per a emprenedors i professionals que busquen un lloc per a treballar i fer connexions empresarials.<\/p>\n\n\n\n<h3 class=\"wp-block-heading\">Serveis compresos:<\/h3>\n\n\n\n<ul class=\"wp-block-list\">\n<li>Domiciliaci\u00f3 d&#8217;activitat o societat<\/li>\n\n\n\n<li>Mobiliari<\/li>\n\n\n\n<li>Servei de neteja<\/li>\n\n\n\n<li>Calefacci\u00f3 i aire condicionat<\/li>\n\n\n\n<li>Enviament i recollida de faxos (tarifaci\u00f3 segons consum)<\/li>\n\n\n\n<li>L\u00ednia de tel\u00e8fon fixa exclusiva (facturaci\u00f3 segons consum)<\/li>\n\n\n\n<li>Altres serveis administratius a la seva disposici\u00f3\u2022 Sala de reunions de 10 a 12 persones (4 hores \/ mes SENSE C\u00c0RREC)<\/li>\n<\/ul>\n<\/div>\n<\/div>\n","protected":false},"excerpt":{"rendered":"<p>Gaudeix d&#8217;un ampli i llumin\u00f3s espai de Coworking, dissenyat per a brindar-li comoditat i productivitat durant tot el dia. Un ambient c\u00f2mode on es fomenta la creativitat i el treball en equip, la qual cosa el converteix en el lloc ideal per a emprenedors i professionals que busquen un lloc per a treballar i fer [&hellip;]<\/p>\n","protected":false},"author":1,"featured_media":0,"parent":298,"menu_order":16,"comment_status":"closed","ping_status":"closed","template":"","meta":{"_seopress_robots_primary_cat":"","_seopress_titles_title":"","_seopress_titles_desc":"","_seopress_robots_index":"","inline_featured_image":false,"footnotes":""},"class_list":["post-308","page","type-page","status-publish","hentry"],"_links":{"self":[{"href":"https:\/\/www.nexesl.com\/ca\/wp-json\/wp\/v2\/pages\/308","targetHints":{"allow":["GET"]}}],"collection":[{"href":"https:\/\/www.nexesl.com\/ca\/wp-json\/wp\/v2\/pages"}],"about":[{"href":"https:\/\/www.nexesl.com\/ca\/wp-json\/wp\/v2\/types\/page"}],"author":[{"embeddable":true,"href":"https:\/\/www.nexesl.com\/ca\/wp-json\/wp\/v2\/users\/1"}],"replies":[{"embeddable":true,"href":"https:\/\/www.nexesl.com\/ca\/wp-json\/wp\/v2\/comments?post=308"}],"version-history":[{"count":0,"href":"https:\/\/www.nexesl.com\/ca\/wp-json\/wp\/v2\/pages\/308\/revisions"}],"up":[{"embeddable":true,"href":"https:\/\/www.nexesl.com\/ca\/wp-json\/wp\/v2\/pages\/298"}],"wp:attachment":[{"href":"https:\/\/www.nexesl.com\/ca\/wp-json\/wp\/v2\/media?parent=308"}],"curies":[{"name":"wp","href":"https:\/\/api.w.org\/{rel}","templated":true}]}}