{"id":317,"date":"2023-05-02T08:20:21","date_gmt":"2023-05-02T08:20:21","guid":{"rendered":"https:\/\/www.nexesl.com\/aviso-legal\/"},"modified":"2023-06-01T10:14:57","modified_gmt":"2023-06-01T10:14:57","slug":"aviso-legal","status":"publish","type":"page","link":"https:\/\/www.nexesl.com\/ca\/aviso-legal\/","title":{"rendered":"Av\u00eds legal"},"content":{"rendered":"\n<div class=\"wp-block-group alignfull custom-breadcrumb is-layout-constrained wp-block-group-is-layout-constrained\" style=\"padding-top:1.5em;padding-bottom:1.5em\"><div style=\"--bb--crumb-gap:0.7em;\" class=\"custom-breadcrumb wp-block-boldblocks-breadcrumb-block\"><nav role=\"navigation\" aria-label=\"Breadcrumbs\" class=\"breadcrumb\"><ol class=\"breadcrumb-items\"><li class=\"breadcrumb-item breadcrumb-item--current breadcrumb-item--home\"><span class=\"breadcrumb-item-name\">Inicio<\/span><\/li><\/ol><\/nav><\/div><\/div>\n\n\n\n<div class=\"wp-block-group aligncenter is-style-section is-layout-constrained wp-block-group-is-layout-constrained\">\n<h1 class=\"wp-block-heading\">Av\u00eds legal<\/h1>\n\n\n\n<p>Condicions generals d&#8217;\u00fas de la p\u00e0gina web <strong>www.nexesl.com<\/strong><\/p>\n\n\n\n<h3 class=\"wp-block-heading\">1. Identificaci\u00f3 i activitat de la societat.<\/h3>\n\n\n\n<p><strong>AMS NEXE PROFESIONAL<\/strong> (en endavant &#8220;<strong>NEXE<\/strong>&#8220;), amb domicili social a <strong>Carrer del Condestable de Portugal Granollers, Barcelona, Catalunya 43-45 3 i 4<\/strong> <strong>08402<\/strong> <strong>Barcelona<\/strong>, <strong>B-61161840<\/strong>, inscrita al Registre Mercantil de Barcelona, \u00e9s una societat que t\u00e9 com a <strong>La nostra missi\u00f3 \u00e9s aconseguir que pugui exercir la seva activitat professional amb el menor cost possible, alhora que ofereix una imatge d&#8217;excel\u00b7l\u00e8ncia i professionalitat.<\/strong>.<\/p>\n\n\n\n<h3 class=\"wp-block-heading\">2. Responsabilitats d&#8217;\u00fas.<\/h3>\n\n\n\n<p>Totes dues parts s\u00f3n responsables de la veracitat de les dades que s&#8217;envi\u00efn i gestionin a trav\u00e9s del sistema. L&#8217;Usuari haur\u00e0 de disposar dels mitjans materials, sistemes, xarxes de comunicaci\u00f3, maquin\u00e0ria i equips necessaris pel correcte funcionament del sistema.<\/p>\n\n\n\n<p>L&#8217;Usuari i <strong>NEXE<\/strong> adoptaran totes les mesures de seguretat necess\u00e0ries de conformitat amb la tecnologia i situaci\u00f3 al mercat, amb la finalitat de no introduir qualsevol tipus de codi contaminant o de virus al sistema. Malgrat l&#8217;anterior, <strong>NEXE<\/strong> exclou qualsevol responsabilitat per danys i perjudicis en relaci\u00f3 amb:<\/p>\n\n\n\n<ol class=\"wp-block-list\">\n<li>Falta de funcionament correcte de la p\u00e0gina web o dels serveis i promocions oferts a trav\u00e9s d&#8217;aquesta, aix\u00ed com falta d&#8217;adaptaci\u00f3 de la p\u00e0gina web a una finalitat concreta esperada pels Usuaris.<\/li>\n\n\n\n<li>Pres\u00e8ncia de codis contaminants o virus o pres\u00e8ncia d&#8217;altres elements que poguessin produir alteracions al sistema inform\u00e0tic o als fitxers dels Usuaris.<\/li>\n<\/ol>\n\n\n\n<h3 class=\"wp-block-heading\">3. Seguretat i confidencialitat. Pol\u00edtica de Protecci\u00f3 de Dades.<\/h3>\n\n\n\n<p>Les dades de car\u00e0cter personal proporcionades per vost\u00e8, i les que en qualsevol moment ens faciliti, seran tractades en els termes i condicions estipulats en la nostra Pol\u00edtica de Privacitat. La sola utilitzaci\u00f3 de la nostra p\u00e0gina web suposa la acceptaci\u00f3 de les presents Condicions Generals i de la Pol\u00edtica de Privacitat que s&#8217;inclou en aquesta.<\/p>\n\n\n\n<h3 class=\"wp-block-heading\">4. Propietat Intel\u00b7lectual i\/o industrial.<\/h3>\n\n\n\n<p>Tota la informaci\u00f3 continguda en la p\u00e0gina web <strong>www.nexesl.com<\/strong>, com pugui ser, a t\u00edtol enunciatiu, el disseny gr\u00e0fic, les imatges, els codis de font, les marques, els r\u00e8tols d&#8217;establiment, els noms comercials, les denominacions, altres signes distintius o enlla\u00e7os a tercers, etc., estan subjectes a drets de propietat intel\u00b7lectual i industrial de <strong>NEXE<\/strong> o tercers.<\/p>\n\n\n\n<p>Sota cap sup\u00f2sit l&#8217;acc\u00e9s als serveis de <strong>NEXE<\/strong> suposa la ren\u00fancia, transmissi\u00f3, cessi\u00f3 o llic\u00e8ncia total o parcial d&#8217;aquets drets, ni confereix cap dret d&#8217;\u00fas, traducci\u00f3 adaptaci\u00f3, alteraci\u00f3, explotaci\u00f3, reproducci\u00f3, distribuci\u00f3 o comunicaci\u00f3 p\u00fablica de dits drets de propietat intel\u00b7lectual sense la pr\u00e8via i expressa autoritzaci\u00f3 de <strong>NEXE<\/strong> o del tercer titular dels drets afectats. Per tant, a t\u00edtol enunciatiu, que no limitatiu, l&#8217;Usuari no estar\u00e0 autoritzat a reproduir, descompilar, invertir, transformar, modificar ni actualitzar el sistema sense l&#8217;autoritzaci\u00f3 pr\u00e8via i per escrit de <strong>NEXE<\/strong>.<\/p>\n\n\n\n<p>En cap cas est\u00e0 autoritzada (i ser\u00e0 perseguida) la reproducci\u00f3 total o parcial de les dades i els continguts als que es tingui acc\u00e9s a trav\u00e9s de <strong>www.nexesl.com<\/strong>, si es van fer servir contravenint la legislaci\u00f3 vigent en mat\u00e8ria de propietat industrial o intel\u00b7lectual.<\/p>\n\n\n\n<p>No obstant l&#8217;anterior, queden deslliurats de perill els drets de l&#8217;Usuari previstos per les disposicions legals vigents, aix\u00ed com els drets de l&#8217;Usuari de visualitzar i obtenir una c\u00f2pia a la mem\u00f2ria cach\u00e9 del seu ordinador com a reproducci\u00f3 transit\u00f2ria i access\u00f2ria, sense que en cap cas estigui autoritzat a comunicar aquesta a tercers.<\/p>\n\n\n\n<h3 class=\"wp-block-heading\">5. Pol\u00edtica de links.<\/h3>\n\n\n\n<p><strong>NEXE<\/strong> no es far\u00e0 responsable dels danys i perjudicis derivats dels serveis i continguts que s&#8217;ofereixin a trav\u00e9s de les p\u00e0gines webs a les que els Usuaris puguin accedir a trav\u00e9s dels enlla\u00e7os que s&#8217;inclouen a la p\u00e0gina web <strong>www.nexesl.com<\/strong>.<\/p>\n\n\n\n<h3 class=\"wp-block-heading\">6. Notificacions.<\/h3>\n\n\n\n<p>Qualsevol notificaci\u00f3 podr\u00e0 ser dirigida a <strong>NEXE<\/strong> a l&#8217;adre\u00e7a que figura a la cap\u00e7alera o mitjan\u00e7ant l&#8217;enviament d&#8217;un correu electr\u00f2nic a la seg\u00fcent adre\u00e7a: (<strong>Nexe@nexesl.com<\/strong>)<\/p>\n\n\n\n<h3 class=\"wp-block-heading\">7. Legislaci\u00f3 aplicable i jurisdicci\u00f3.<\/h3>\n\n\n\n<p>Les presents condicions queden subjectes a la normativa de dret com\u00fa espanyola. Els Usuaris se sotmeten expressament per qualsevol q\u00fcesti\u00f3, discrep\u00e0ncia, controv\u00e8rsia o reclamaci\u00f3 que es derivi de l&#8217;execuci\u00f3, interpretaci\u00f3 o acompliment de les obligacions establertes entre <strong>NEXE<\/strong> i els usuaris de la p\u00e0gina web <strong>www.nexesl.com<\/strong>, als Jutjats i Tribunals de Barcelona, amb ren\u00fancia expressa a qualsevol altra fur que per llei els hi pogu\u00e9s correspondre.<\/p>\n\n\n\n<h3 class=\"wp-block-heading\">8. Consentiment del Usuari.<\/h3>\n\n\n\n<p>El sol acc\u00e9s a l&#8217;\u00fas de la p\u00e0gina web <strong>www.nexesl.com<\/strong> per part de l&#8217;Usuari suposa l&#8217;acceptaci\u00f3 de les presents Condicions Generals d&#8217;\u00das.<\/p>\n<\/div>\n","protected":false},"excerpt":{"rendered":"<p>Av\u00eds legal Condicions generals d&#8217;\u00fas de la p\u00e0gina web www.nexesl.com 1. Identificaci\u00f3 i activitat de la societat. AMS NEXE PROFESIONAL (en endavant &#8220;NEXE&#8220;), amb domicili social a Carrer del Condestable de Portugal Granollers, Barcelona, Catalunya 43-45 3 i 4 08402 Barcelona, B-61161840, inscrita al Registre Mercantil de Barcelona, \u00e9s una societat que t\u00e9 com a [&hellip;]<\/p>\n","protected":false},"author":1,"featured_media":0,"parent":0,"menu_order":23,"comment_status":"closed","ping_status":"closed","template":"","meta":{"_seopress_robots_primary_cat":"","_seopress_titles_title":"","_seopress_titles_desc":"","_seopress_robots_index":"","inline_featured_image":false,"footnotes":""},"class_list":["post-317","page","type-page","status-publish","hentry"],"_links":{"self":[{"href":"https:\/\/www.nexesl.com\/ca\/wp-json\/wp\/v2\/pages\/317","targetHints":{"allow":["GET"]}}],"collection":[{"href":"https:\/\/www.nexesl.com\/ca\/wp-json\/wp\/v2\/pages"}],"about":[{"href":"https:\/\/www.nexesl.com\/ca\/wp-json\/wp\/v2\/types\/page"}],"author":[{"embeddable":true,"href":"https:\/\/www.nexesl.com\/ca\/wp-json\/wp\/v2\/users\/1"}],"replies":[{"embeddable":true,"href":"https:\/\/www.nexesl.com\/ca\/wp-json\/wp\/v2\/comments?post=317"}],"version-history":[{"count":0,"href":"https:\/\/www.nexesl.com\/ca\/wp-json\/wp\/v2\/pages\/317\/revisions"}],"wp:attachment":[{"href":"https:\/\/www.nexesl.com\/ca\/wp-json\/wp\/v2\/media?parent=317"}],"curies":[{"name":"wp","href":"https:\/\/api.w.org\/{rel}","templated":true}]}}