{"id":318,"date":"2023-05-02T08:22:18","date_gmt":"2023-05-02T08:22:18","guid":{"rendered":"https:\/\/www.nexesl.com\/politica-de-cookies\/"},"modified":"2023-06-14T12:37:04","modified_gmt":"2023-06-14T12:37:04","slug":"politica-de-cookies","status":"publish","type":"page","link":"https:\/\/www.nexesl.com\/ca\/politica-de-cookies\/","title":{"rendered":"Pol\u00edtica de cookies"},"content":{"rendered":"\n<div class=\"wp-block-group alignfull custom-breadcrumb is-layout-constrained wp-block-group-is-layout-constrained\" style=\"padding-top:1.5em;padding-bottom:1.5em\"><div style=\"--bb--crumb-gap:0.7em;\" class=\"custom-breadcrumb wp-block-boldblocks-breadcrumb-block\"><nav role=\"navigation\" aria-label=\"Breadcrumbs\" class=\"breadcrumb\"><ol class=\"breadcrumb-items\"><li class=\"breadcrumb-item breadcrumb-item--current breadcrumb-item--home\"><span class=\"breadcrumb-item-name\">Inicio<\/span><\/li><\/ol><\/nav><\/div><\/div>\n\n\n\n<div class=\"wp-block-group aligncenter is-style-section is-layout-constrained wp-block-group-is-layout-constrained\">\n<h1 class=\"wp-block-heading\">Pol\u00edtica de cookies<\/h1>\n\n\n\n<h3 class=\"wp-block-heading\">INFORMACI\u00d3 SOBRE COOKIES<\/h3>\n\n\n\n<p>A causa de l&#8217;entrada en vigor de la modificaci\u00f3 referent de la Llei de Serveis de la Societat de la Informaci\u00f3 (LSSICE) establerta pel Reial Decret 13\/2012, \u00e9s d&#8217;obligaci\u00f3 obtenir el consentiment expr\u00e9s de l&#8217;usuari de totes les p\u00e0gines web que usen <em>cookies<\/em> prescindibles, abans que aquest navegui per elles.<\/p>\n\n\n\n<h3 class=\"wp-block-heading\">QU\u00c8 S\u00d3N LES COOKIES?<\/h3>\n\n\n\n<p>Les <em>cookies<\/em> i altres tecnologies similars com ara local <em>shared objects, flash cookies<\/em> o p\u00edxels, s\u00f3n eines emprades pels servidors web per emmagatzemar i recuperar informaci\u00f3 sobre els seus visitants, aix\u00ed com per oferir un correcte funcionament del lloc.<\/p>\n\n\n\n<p>Utilitzem <em>cookies<\/em> pr\u00f2pies i de tercers per millorar els nostres serveis, personalitzar el nostre lloc web, facilitar la navegaci\u00f3 dels nostres usuaris, proporcionar una millor experi\u00e8ncia en l&#8217;\u00fas del lloc web, identificar problemes per millorar-lo, fer mesures i estad\u00edstiques d&#8217;\u00fas i mostrar publicitat relacionada amb les vostres prefer\u00e8ncies mitjan\u00e7ant l&#8217;an\u00e0lisi de l&#8217;\u00fas del lloc web.<\/p>\n\n\n\n<h3 class=\"wp-block-heading\">Consentiment<\/h3>\n\n\n\n<p>Us informem que podem utilitzar <em>cookies<\/em> en el vostre equip a condici\u00f3 que vost\u00e8 hagi donat el seu consentiment, excepte en els sup\u00f2sits en qu\u00e8 les <em>cookies<\/em> siguin necess\u00e0ries per a la navegaci\u00f3 pel nostre lloc web. En cas que presteu el vostre consentiment, podrem utilitzar <em>cookies<\/em> que ens permetran tenir m\u00e9s informaci\u00f3 sobre les vostres prefer\u00e8ncies i personalitzar el nostre lloc web de conformitat amb els vostres interessos individuals.<\/p>\n\n\n\n<h3 class=\"wp-block-heading\"><strong>En funci\u00f3 de la seva durada les galetes poden ser:<\/strong><\/h3>\n\n\n\n<ul class=\"wp-block-list\">\n<li><strong>De sessi\u00f3. <\/strong>S\u00f3n un tipus de galetes dissenyades per a demanar i emmagatzemar dades mentre l&#8217;usuari accedeix a una p\u00e0gina web. Aquestes galetes no queden emmagatzemades a l&#8217;ordinador de l&#8217;usuari quan caduca la sessi\u00f3 o tanca el navegador.<\/li>\n\n\n\n<li><strong>Persistents. <\/strong>S\u00f3n un tipus de <em>cookies<\/em> en qu\u00e8 les dades segueixen emmagatzemades a l&#8217;ordinador de l&#8217;usuari i poden ser accedides i tractades quan l&#8217;usuari abandona la p\u00e0gina web i quan s&#8217;hi torni a connectar. Aquestes galetes poden ser esborrades en qualsevol moment per l&#8217;usuari.<\/li>\n<\/ul>\n\n\n\n<h3 class=\"wp-block-heading\"><strong>En funci\u00f3 de l&#8217;entitat que les gestioni:<\/strong><\/h3>\n\n\n\n<ul class=\"wp-block-list\">\n<li><strong><strong><em>Cookies<\/em><\/strong> pr\u00f2pies: <\/strong>S\u00f3n aquelles que s&#8217;envien a l&#8217;equip terminal de l&#8217;usuari des d&#8217;un equip o domini gestionat pel titular de la p\u00e0gina web i des de la qual es presta el servei sol\u00b7licitat per l&#8217;usuari.<\/li>\n\n\n\n<li><strong><em>Cookies<\/em> de tercer: <\/strong>S\u00f3n aquelles que s&#8217;envien a l&#8217;equip terminal de l&#8217;usuari des d&#8217;un equip o domini que no el gestiona el titular de la p\u00e0gina web des de la qual es presta el servei sol\u00b7licitat per l&#8217;usuari, sin\u00f3 per una altra entitat que tracta les dades obtingudes a trav\u00e9s de les galetes. Aix\u00ed mateix, en el cas que les <em>cookies<\/em> siguin instal\u00b7lades des d&#8217;un equip o domini gestionat pel mateix titular del lloc web, per\u00f2 la informaci\u00f3 que es reculli mitjan\u00e7ant aquestes sigui gestionada per un tercer, tamb\u00e9 seran considerades com a <em>cookies<\/em> de tercers.<\/li>\n<\/ul>\n\n\n\n<h3 class=\"wp-block-heading\">Segons la finalitat perseguida:<\/h3>\n\n\n\n<ul class=\"wp-block-list\">\n<li><strong><strong><em>Cookies<\/em><\/strong> t\u00e8cniques. <\/strong>S\u00f3n aquelles que permeten a l&#8217;usuari la navegaci\u00f3 a trav\u00e9s d&#8217;una p\u00e0gina web, plataforma o aplicaci\u00f3 i la utilitzaci\u00f3 de les diferents opcions o serveis que hi hagi com, per exemple, controlar el tr\u00e0nsit i la comunicaci\u00f3 de dades, identificar la sessi\u00f3, accedir a parts d&#8217;acc\u00e9s restringit, recordar els elements que integren una comanda, fer el proc\u00e9s de compra d&#8217;una comanda, fer la sol\u00b7licitud d&#8217;inscripci\u00f3 o participaci\u00f3 en un esdeveniment, utilitzar elements de seguretat durant la navegaci\u00f3, emmagatzemar continguts per a la difusi\u00f3 de v\u00eddeos o so o compartir continguts a trav\u00e9s de xarxes socials.<\/li>\n\n\n\n<li><strong><strong><strong><em>Cookies<\/em><\/strong><\/strong> de Geolocalitzaci\u00f3. <\/strong>S&#8217;utilitzen per saber en quin lloc es troba un usuari quan sol\u00b7licita un servei. Aquesta galeta \u00e9s an\u00f2nima i s&#8217;usa per exemple per oferir-vos la informaci\u00f3 adequada depenent del pa\u00eds on us trobeu.<\/li>\n\n\n\n<li><strong><strong><strong><em>Cookies<\/em><\/strong><\/strong> de personalitzaci\u00f3.<\/strong> S\u00f3n aquelles que permeten a l&#8217;usuari accedir al servei amb algunes caracter\u00edstiques de car\u00e0cter general predefinides en funci\u00f3 d&#8217;una s\u00e8rie de criteris al terminal de l&#8217;usuari com ara serien l&#8217;idioma, el tipus de navegador a trav\u00e9s del qual accedeix al servei, la configuraci\u00f3 regional des d&#8217;on accedeix al servei, etc.<\/li>\n\n\n\n<li><strong><strong><strong><em>Cookies<\/em><\/strong><\/strong> d&#8217;an\u00e0lisi. <\/strong>S\u00f3n aquelles que permeten al responsable d&#8217;aquestes, el seguiment i an\u00e0lisi del comportament dels usuaris del lloc web a qu\u00e8 estan vinculades. La informaci\u00f3 recollida mitjan\u00e7ant aquest tipus de <em>cookies<\/em> s&#8217;utilitza en el mesurament de l&#8217;activitat del lloc web, plataforma o aplicaci\u00f3 i per a l&#8217;elaboraci\u00f3 de perfils de navegaci\u00f3 dels usuaris d&#8217;aquest lloc web, plataforma o aplicaci\u00f3, per introduir millores a funci\u00f3 de l&#8217;an\u00e0lisi de les dades d&#8217;\u00fas que fan els usuaris.<\/li>\n\n\n\n<li><strong><strong><strong><em>Cookies<\/em><\/strong><\/strong> publicit\u00e0ries. <\/strong>S\u00f3n aquelles que permeten gestionar de la manera m\u00e9s efica\u00e7 possible l&#8217;oferta dels espais publicitaris que hi ha a la p\u00e0gina web, adequant el contingut de l&#8217;anunci al contingut del servei sol\u00b7licitat o a l&#8217;\u00fas que faci de la nostra p\u00e0gina web.<\/li>\n\n\n\n<li><strong><strong><strong><em>Cookies<\/em><\/strong><\/strong> de publicitat comportamental. <\/strong>S\u00f3n aquelles que permeten la gesti\u00f3, de la manera m\u00e9s efica\u00e7 possible, dels espais publicitaris que hi ha a la p\u00e0gina web. Aquestes <em>cookies<\/em> emmagatzemen informaci\u00f3 del comportament dels usuaris obtinguda a trav\u00e9s de l&#8217;observaci\u00f3 continuada dels seus h\u00e0bits de navegaci\u00f3, cosa que permet desenvolupar un perfil espec\u00edfic per mostrar publicitat en funci\u00f3 del mateix.<\/li>\n<\/ul>\n\n\n\n<h3 class=\"wp-block-heading\"><em>COOKIES<\/em> QUE S&#8217;UTILITZEN EN AQUEST LLOC WEB<\/h3>\n\n\n\n<ul class=\"wp-block-list\">\n<li><strong>PHPSESSID<\/strong>: <em>cookie<\/em> t\u00e8cnica i estrictament necess\u00e0ria que cont\u00e9 l&#8217;identificador de la sessi\u00f3. S&#8217;elimina en tancar el navegador.<\/li>\n\n\n\n<li><strong>_lang: <\/strong><em>cookie<\/em> t\u00e8cnica i estrictament necess\u00e0ria que cont\u00e9 l&#8217;idioma de la sessi\u00f3. S&#8217;elimina en tancar el navegador.<\/li>\n\n\n\n<li><strong>ac_cookies: <\/strong><em>cookie<\/em> t\u00e8cnica i estrictament necess\u00e0ria que cont\u00e9 el valor de si s&#8217;ha acceptat la instal\u00b7laci\u00f3 de galetes. Caduca a 1 any des de l&#8217;\u00faltima actualitzaci\u00f3.<\/li>\n\n\n\n<li><strong>_ga<\/strong>: _ga: <em>cookie<\/em> de Google Analytics que habilita la funci\u00f3 de control de visites \u00faniques. La primera vegada que un usuari entri al lloc web a trav\u00e9s d&#8217;un navegador s&#8217;instal\u00b7lar\u00e0 aquesta galeta. Quan aquest usuari torni a entrar a la web amb el mateix navegador, la <em>cookie<\/em> considerar\u00e0 que \u00e9s el mateix usuari. Nom\u00e9s en cas que l&#8217;usuari canvi\u00ef de navegador, es considerar\u00e0 un altre usuari. Caduca al cap de 2 anys des de la darrera actualitzaci\u00f3.<\/li>\n\n\n\n<li><strong>_gat<\/strong>: Aquesta <em>cookie<\/em> s&#8217;associa amb Google Analytics Universal. S&#8217;utilitza per limitar la velocitat de petici\u00f3 \u2013 la limitaci\u00f3 de la recollida de dades en els llocs dalt tr\u00e0nsit. Caduca als 10 minuts.<\/li>\n\n\n\n<li><strong>_utma<\/strong>: <em>cookie<\/em> de Google Analytics que registra la data de la primera i \u00faltima vegada que l&#8217;usuari va vestir el lloc web. Caduca als 2 anys des de la darrera actualitzaci\u00f3.<\/li>\n\n\n\n<li><strong>_utmb<\/strong>: <em>cookie<\/em> de Google Analytics que registra l&#8217;hora d&#8217;arribada a la p\u00e0gina web. Caduca als 30 minuts des de la darrera actualitzaci\u00f3.<\/li>\n\n\n\n<li><strong>_utmc<\/strong>: <em>cookie<\/em> de Google Analytics utilitzada per a la interoperabilitat amb el codi de seguiment urchin.js. S&#8217;elimina en tancar el navegador.<\/li>\n\n\n\n<li><strong>_utmt<\/strong>: <em>cookie<\/em> de Google Analytics. Aquesta <em>cookie<\/em> s&#8217;utilitza per processar el tipus de sol\u00b7licitud demanada per l&#8217;usuari. Caduca en finalitzar la sessi\u00f3.<\/li>\n\n\n\n<li><strong>_utmv<\/strong>: <em>cookie<\/em> de Google Analytics. Aquesta <em>cookie<\/em> s&#8217;utilitza per segmentar dades demogr\u00e0fiques. Caduca en finalitzar la sessi\u00f3.<\/li>\n\n\n\n<li><strong>_utmz<\/strong>: <em>cookie<\/em> de Google Analytics que emmagatzema la font de tr\u00e0nsit o una campanya per explicar com l&#8217;usuari va arribar al lloc web. Caduca als 6 mesos des de la darrera actualitzaci\u00f3.<\/li>\n<\/ul>\n\n\n\n<h3 class=\"wp-block-heading\">DESACTIVACI\u00d3 DE LES <em>COOKIES<\/em><\/h3>\n\n\n\n<p>L&#8217;usuari pot, en qualsevol moment, permetre, bloquejar o eliminar les <em>cookies<\/em> instal\u00b7lades al vostre equip mitjan\u00e7ant la modificaci\u00f3 dels par\u00e0metres de configuraci\u00f3 del navegador instal\u00b7lat al vostre ordinador:<\/p>\n\n\n\n<p>La desactivaci\u00f3 de les <em>cookies<\/em> no impedeix la navegaci\u00f3 pel lloc web, encara que l&#8217;\u00fas d&#8217;alguns dels seus serveis podr\u00e0 ser limitat i, per tant, la vostra experi\u00e8ncia de navegaci\u00f3 podr\u00e0 ser menys satisfact\u00f2ria.<\/p>\n\n\n\n<p>L&#8217;usuari podr\u00e0 retirar en qualsevol moment el seu consentiment relacionat amb la Pol\u00edtica de <em>Cookies<\/em>, i podr\u00e0 eliminar les <em>cookies<\/em> emmagatzemades al vostre equip a trav\u00e9s dels ajustaments i configuracions del vostre navegador d&#8217;Internet, indicats anteriorment.<\/p>\n\n\n\n<h3 class=\"wp-block-heading\">COM ELIMINAR LES <em>COOKIES<\/em><\/h3>\n\n\n\n<h4 class=\"wp-block-heading\"><strong>Chrome<\/strong><\/h4>\n\n\n\n<p>1. Seleccioneu la icona d&#8217;Eines<\/p>\n\n\n\n<p>2. Fes clic a Configuraci\u00f3.<\/p>\n\n\n\n<p>3. Feu clic a Mostra Opcions Avan\u00e7ades.<\/p>\n\n\n\n<p>4. A la secci\u00f3 \u00abPrivadesa\u00bb feu clic a Configuraci\u00f3 de contingut.<\/p>\n\n\n\n<ul class=\"wp-block-list\">\n<li>Suprimeix les galetes: Feu clic a Totes les galetes i les dades de llocs web\u2026<\/li>\n\n\n\n<li>No permeteu que s&#8217;emmagatzemin <em>cookies<\/em>.<\/li>\n<\/ul>\n\n\n\n<p>5. Feu clic a Suprimir les dades de navegaci\u00f3 (buida la mem\u00f2ria cau).<\/p>\n\n\n\n<p>6. Tanca i reinicia el navegador.<\/p>\n\n\n\n<p>Per a m\u00e9s informaci\u00f3 sobre Chrome feu clic aqu\u00ed:\u00a0<a rel=\"noreferrer noopener\" href=\"http:\/\/support.google.com\/chrome\/answer\/95647?hl=es\" target=\"_blank\">http:\/\/support.google.com\/chrome\/answer\/95647?hl=es<\/a><\/p>\n\n\n\n<h4 class=\"wp-block-heading\"><strong>Internet Explorer. Versi\u00f3 11<\/strong><\/h4>\n\n\n\n<ol class=\"wp-block-list\">\n<li>Seleccioneu Eines | Opcions d&#8217;Internet.<\/li>\n<\/ol>\n\n\n\n<ol class=\"wp-block-list\" start=\"2\">\n<li>Fes clic a la pestanya General.<\/li>\n\n\n\n<li>A la secci\u00f3 \u00abHistorial d&#8217;exploraci\u00f3\u00bb, feu clic a Suprimeix l&#8217;historial d&#8217;exploraci\u00f3 en sortir.<\/li>\n\n\n\n<li>Seleccionar Eliminar fitxers.<\/li>\n\n\n\n<li>Seleccionar Eliminar <em>cookies<\/em>.<\/li>\n\n\n\n<li>Fes clic a Suprimeix.<\/li>\n\n\n\n<li>Fes clic a D&#8217;acord.<\/li>\n\n\n\n<li>Tanca i reinicia el navegador.<\/li>\n<\/ol>\n\n\n\n<p>Per a m\u00e9s informaci\u00f3 sobre Internet Explorer premi aqu\u00ed: <a href=\"http:\/\/windows.microsoft.com\/es-419\/windows7\/how-to-manage-cookies-in-internet-explorer-9\" target=\"_blank\" rel=\"noreferrer noopener\">http:\/\/windows.microsoft.com\/es-419\/windows7\/how-to-manage-cookies-in-internet-explorer-9 <\/a><\/p>\n\n\n\n<h4 class=\"wp-block-heading\"><strong>Firefox. Versi\u00f3 18<\/strong><\/h4>\n\n\n\n<ol class=\"wp-block-list\">\n<li>Seleccioneu Firefox | Historial | Netejar l&#8217;historial recent.<\/li>\n\n\n\n<li>Al costat de \u00abDetalls\u00bb, feu clic a la fletxa cap avall.<\/li>\n\n\n\n<li>Selecciona les caselles de verificaci\u00f3 seg\u00fcents: <em>Cookies<\/em>, Cach\u00e9, Inicis de sessi\u00f3 actius<\/li>\n\n\n\n<li>Usant l&#8217;\u00abInterval de temps per esborrar\u00bb al men\u00fa desplegable, seleccioneu Tot.<\/li>\n\n\n\n<li>Feu clic a Suprimeix ara.<\/li>\n\n\n\n<li>Tanca i reinicia el navegador.<\/li>\n<\/ol>\n\n\n\n<p>Podeu acceptar o rebutjar les galetes individualment a les Prefer\u00e8ncies del Firefox, a la secci\u00f3 Historial disponible a Eines &gt; Opcions &gt; Privadesa.<\/p>\n\n\n\n<p>Per a m\u00e9s informaci\u00f3 sobre Mozilla Firefox premi aqu\u00ed: <a href=\"https:\/\/www.mozilla.org\/es-ES\/privacy\/websites\/\" target=\"_blank\" rel=\"noreferrer noopener\">https:\/\/www.mozilla.org\/es-ES\/privacy\/websites\/<\/a><\/p>\n\n\n\n<h4 class=\"wp-block-heading\"><strong>Safari Versi\u00f3 5.1<\/strong><\/h4>\n\n\n\n<ol class=\"wp-block-list\">\n<li>Seleccioneu la icona de Safari \/ Edita | Restaurar Safari.<\/li>\n\n\n\n<li>Selecciona les caselles de verificaci\u00f3 seg\u00fcents: Esborrar l&#8217;historial, Eliminar totes les dades de lloc web<\/li>\n\n\n\n<li>Fes clic a Restablir.<\/li>\n\n\n\n<li>Tanca i reinicia el navegador.<\/li>\n<\/ol>\n\n\n\n<p>Per a m\u00e9s informaci\u00f3 sobre Safari premi aqu\u00ed: http:\/\/support.apple.com\/kb\/PH5042<\/p>\n\n\n\n<h4 class=\"wp-block-heading\"><strong>Opera<\/strong><\/h4>\n\n\n\n<p>Opcions \u2013 Avan\u00e7at \u2013 Cookies.<\/p>\n\n\n\n<p>Les opcions de galetes controlen la manera com Opera els maneja i per tant la seva acceptaci\u00f3 o rebuig.<\/p>\n\n\n\n<p>Per a m\u00e9s informaci\u00f3 sobre \u00d2pera premi aqu\u00ed: http:\/\/help.opera.com\/Linux\/10.60\/ca-ES\/cookies.html<\/p>\n\n\n\n<h4 class=\"wp-block-heading\"><strong>Altres navegadors<\/strong><\/h4>\n\n\n\n<p>Consulteu la documentaci\u00f3 del navegador que tingueu instal\u00b7lat.<\/p>\n<\/div>\n\n\n\n<div class=\"wp-block-group alignfull custom-breadcrumb is-layout-constrained wp-block-group-is-layout-constrained\" style=\"padding-top:1.5em;padding-bottom:1.5em\"><div style=\"--bb--crumb-gap:0.7em;\" class=\"custom-breadcrumb wp-block-boldblocks-breadcrumb-block\"><nav role=\"navigation\" aria-label=\"Breadcrumbs\" class=\"breadcrumb\"><ol class=\"breadcrumb-items\"><li class=\"breadcrumb-item breadcrumb-item--current breadcrumb-item--home\"><span class=\"breadcrumb-item-name\">Inicio<\/span><\/li><\/ol><\/nav><\/div><\/div>\n","protected":false},"excerpt":{"rendered":"<p>Pol\u00edtica de cookies INFORMACI\u00d3 SOBRE COOKIES A causa de l&#8217;entrada en vigor de la modificaci\u00f3 referent de la Llei de Serveis de la Societat de la Informaci\u00f3 (LSSICE) establerta pel Reial Decret 13\/2012, \u00e9s d&#8217;obligaci\u00f3 obtenir el consentiment expr\u00e9s de l&#8217;usuari de totes les p\u00e0gines web que usen cookies prescindibles, abans que aquest navegui per [&hellip;]<\/p>\n","protected":false},"author":1,"featured_media":0,"parent":0,"menu_order":2,"comment_status":"closed","ping_status":"closed","template":"","meta":{"_seopress_robots_primary_cat":"","_seopress_titles_title":"","_seopress_titles_desc":"","_seopress_robots_index":"","inline_featured_image":false,"footnotes":""},"class_list":["post-318","page","type-page","status-publish","hentry"],"_links":{"self":[{"href":"https:\/\/www.nexesl.com\/ca\/wp-json\/wp\/v2\/pages\/318","targetHints":{"allow":["GET"]}}],"collection":[{"href":"https:\/\/www.nexesl.com\/ca\/wp-json\/wp\/v2\/pages"}],"about":[{"href":"https:\/\/www.nexesl.com\/ca\/wp-json\/wp\/v2\/types\/page"}],"author":[{"embeddable":true,"href":"https:\/\/www.nexesl.com\/ca\/wp-json\/wp\/v2\/users\/1"}],"replies":[{"embeddable":true,"href":"https:\/\/www.nexesl.com\/ca\/wp-json\/wp\/v2\/comments?post=318"}],"version-history":[{"count":0,"href":"https:\/\/www.nexesl.com\/ca\/wp-json\/wp\/v2\/pages\/318\/revisions"}],"wp:attachment":[{"href":"https:\/\/www.nexesl.com\/ca\/wp-json\/wp\/v2\/media?parent=318"}],"curies":[{"name":"wp","href":"https:\/\/api.w.org\/{rel}","templated":true}]}}